{"id":174,"date":"2024-01-31T10:49:39","date_gmt":"2024-01-31T09:49:39","guid":{"rendered":"http:\/\/jbzsdcr.cluster028.hosting.ovh.net\/?page_id=174"},"modified":"2025-03-17T15:55:12","modified_gmt":"2025-03-17T14:55:12","slug":"chrome-dur","status":"publish","type":"page","link":"https:\/\/cic-vns.fr\/index.php\/chrome-dur\/","title":{"rendered":"Chrome Dur"},"content":{"rendered":"\n<h1 class=\"wp-block-heading has-text-align-center has-ast-global-color-0-color has-text-color has-link-color wp-elements-6eebebdf86583bf80a4e7b6218491ca7\" id=\"0-notre-savoir-faire-%C3%A0-votre-service\" style=\"font-size:1.2em\">La duret\u00e9 et la r\u00e9sistance \u00e0 l\u2019usure au service de vos pi\u00e8ces<\/h1>\n\n\n\n\n\n\n\n\n\n\n\n\n\n<div style=\"height:1em\" aria-hidden=\"true\" class=\"wp-block-spacer\"><\/div>\n\n\n\n<div class=\"wp-block-columns is-layout-flex wp-container-core-columns-is-layout-a54e0cfc wp-block-columns-is-layout-flex\" style=\"padding-top:var(--wp--preset--spacing--60);padding-bottom:var(--wp--preset--spacing--60)\">\n<div class=\"wp-block-column is-layout-flow wp-block-column-is-layout-flow\">\n<div class=\"wp-block-group is-vertical is-layout-flex wp-container-core-group-is-layout-fe9cc265 wp-block-group-is-layout-flex\"><div class=\"wp-block-ub-styled-box ub-styled-box ub-bordered-box\" id=\"ub-styled-box-bd5ed2e5-28eb-48dc-bbbb-1320db637680\">\n\n\n<h3 class=\"wp-block-heading has-text-align-center\" id=\"2-avantages\">Les avantages<\/h3>\n\n\n<ul class=\"wp-block-ub-styled-list ub_styled_list \" id=\"ub_styled_list-56041d7b-4afa-427d-9365-2ef747771590\"><div class=\"ub-block-list__layout\">\n<li class=\"ub_styled_list_item\" style=\"\" id=\"ub-styled-list-item-8541e3dd-1b33-4535-aa48-f06f2ccbf79c\">Faible coefficient de frottement<\/li>\n\n<li class=\"ub_styled_list_item\" style=\"\" id=\"ub-styled-list-item-ff451b92-dcc2-49a1-a5f3-4951aecd9c61\">Haute r\u00e9sistance \u00e0 l\u2019usure et \u00e0 l\u2019abrasion<\/li>\n\n<li class=\"ub_styled_list_item\" style=\"\" id=\"ub-styled-list-item-1e6038e4-20c7-41b8-ad91-1275df15086d\">Resistance a la corrosion<\/li>\n\n<li class=\"ub_styled_list_item\" style=\"\" id=\"ub-styled-list-item-08823cb0-f77f-49be-8da5-fc94661fb5db\">Propri\u00e9t\u00e9s d\u2019anti adh\u00e9rence<\/li>\n\n<li class=\"ub_styled_list_item\" style=\"\" id=\"ub-styled-list-item-fcc6cce3-edd8-4368-aa03-baa74685bb50\">Remise \u00e0 la cote d&rsquo;origine<\/li>\n\n<li class=\"ub_styled_list_item\" style=\"\" id=\"ub-styled-list-item-881d5819-55c4-4dff-aa99-5885ed6a1334\">Aucun risque de d\u00e9formation de la pi\u00e8ce<\/li>\n\n<li class=\"ub_styled_list_item\" style=\"\" id=\"ub-styled-list-item-60ec3308-39df-430b-94b2-f3a574d47f5c\">Duret\u00e9 \u00e9lev\u00e9e &gt; 1 000 Vickers<\/li>\n\n<li class=\"ub_styled_list_item\" style=\"\" id=\"ub-styled-list-item-595078e6-75d2-4ccb-981e-6aebd379f88b\">Applicable partiellement ou totalement (\u00e9pargnes des zones suivant exigences); sur tous types de g\u00e9om\u00e9trie. Pour les pi\u00e8ces complexes, un anodage sp\u00e9cial est r\u00e9alis\u00e9<br><\/li>\n<\/div><\/ul>\n\n<\/div><\/div>\n<\/div>\n\n\n\n<div class=\"wp-block-column is-layout-flow wp-block-column-is-layout-flow\"><div class=\"wp-block-ub-styled-box ub-styled-box ub-bordered-box\" id=\"ub-styled-box-234d137f-283d-4d92-b590-a020bef50fbd\">\n\n\n<h3 class=\"wp-block-heading has-text-align-center\" id=\"ub-styled-box-bordered-content-\">Nos capacit\u00e9s<\/h3>\n\n\n<ul class=\"wp-block-ub-styled-list ub_styled_list \" id=\"ub_styled_list-d4e9f471-7bce-4d90-8e2f-669fdbd8a9e5\"><div class=\"ub-block-list__layout\">\n<li class=\"ub_styled_list_item\" style=\"\" id=\"ub-styled-list-item-bb3a5aaa-8411-4539-91b9-d713ed38b47e\">L max : 7 600 m<\/li>\n\n<li class=\"ub_styled_list_item\" style=\"\" id=\"ub-styled-list-item-a414743f-44e4-4c75-abe5-334a877382d6\">\u00d8 max : 1 200 mm<\/li>\n\n<li class=\"ub_styled_list_item\" style=\"\" id=\"ub-styled-list-item-3e739975-0e81-4038-9de0-d66138b01a84\">Redresseur max : 10 000 amp\u00e8res<\/li>\n\n<li class=\"ub_styled_list_item\" style=\"\" id=\"ub-styled-list-item-b8286acd-35fb-4bf3-aac5-422a9d23d76c\">Poids max : 10 T<\/li>\n\n<li class=\"ub_styled_list_item\" style=\"\" id=\"ub-styled-list-item-8b16a065-583e-4405-b0dd-a26672c33d03\">5 \u03bc \u00e0 1000 \u03bc<br><\/li>\n<\/div><\/ul>\n\n<\/div><\/div>\n<\/div>\n\n\n\n<div style=\"height:2em\" aria-hidden=\"true\" class=\"wp-block-spacer\"><\/div>\n\n\n\n<h1 class=\"wp-block-heading has-text-align-center has-text-color has-link-color has-large-font-size wp-elements-73d1c965cfe50f571650eb6fa5faeae5\" id=\"3-les-cic-vns\" style=\"color:#1f9139\">Les + CIC-VNS<\/h1>\n\n\n\n\n\n\n\n\n","protected":false},"excerpt":{"rendered":"<p>La duret\u00e9 et la r\u00e9sistance \u00e0 l\u2019usure au service de vos pi\u00e8ces Les + CIC-VNS<\/p>\n","protected":false},"author":1,"featured_media":0,"parent":0,"menu_order":0,"comment_status":"closed","ping_status":"closed","template":"single-product","meta":{"saved_in_kubio":true,"ub_ctt_via":"","footnotes":""},"class_list":["post-174","page","type-page","status-publish","hentry"],"kubio_ai_page_context":{"short_desc":"","purpose":"general"},"featured_image_src":null,"yoast_head":"<!-- This site is optimized with the Yoast SEO plugin v24.6 - https:\/\/yoast.com\/wordpress\/plugins\/seo\/ -->\n<title>Chrome Dur \u00e0 Saint-Etienne Loire - CIC VNS<\/title>\n<meta name=\"description\" content=\"CIC-VNS sp\u00e9cialiste fran\u00e7ais du Chrome Dur, technologie assurant protection, de durabilit\u00e9 et esth\u00e9tique pour l&#039;industrie.\" \/>\n<meta name=\"robots\" content=\"index, follow, max-snippet:-1, max-image-preview:large, max-video-preview:-1\" \/>\n<link rel=\"canonical\" href=\"https:\/\/cic-vns.fr\/index.php\/chrome-dur\/\" \/>\n<meta property=\"og:locale\" content=\"fr_FR\" \/>\n<meta property=\"og:type\" content=\"article\" \/>\n<meta property=\"og:title\" content=\"Chrome Dur \u00e0 Saint-Etienne Loire - CIC VNS\" \/>\n<meta property=\"og:description\" content=\"CIC-VNS sp\u00e9cialiste fran\u00e7ais du Chrome Dur, technologie assurant protection, de durabilit\u00e9 et esth\u00e9tique pour l&#039;industrie.\" \/>\n<meta property=\"og:url\" content=\"https:\/\/cic-vns.fr\/index.php\/chrome-dur\/\" \/>\n<meta property=\"og:site_name\" content=\"CIC VNS\" \/>\n<meta property=\"article:modified_time\" content=\"2025-03-17T14:55:12+00:00\" \/>\n<meta name=\"twitter:card\" content=\"summary_large_image\" \/>\n<script type=\"application\/ld+json\" class=\"yoast-schema-graph\">{\"@context\":\"https:\/\/schema.org\",\"@graph\":[{\"@type\":\"WebPage\",\"@id\":\"https:\/\/cic-vns.fr\/index.php\/chrome-dur\/\",\"url\":\"https:\/\/cic-vns.fr\/index.php\/chrome-dur\/\",\"name\":\"Chrome Dur \u00e0 Saint-Etienne Loire - CIC VNS\",\"isPartOf\":{\"@id\":\"https:\/\/cic-vns.fr\/#website\"},\"datePublished\":\"2024-01-31T09:49:39+00:00\",\"dateModified\":\"2025-03-17T14:55:12+00:00\",\"description\":\"CIC-VNS sp\u00e9cialiste fran\u00e7ais du Chrome Dur, technologie assurant protection, de durabilit\u00e9 et esth\u00e9tique pour l'industrie.\",\"breadcrumb\":{\"@id\":\"https:\/\/cic-vns.fr\/index.php\/chrome-dur\/#breadcrumb\"},\"inLanguage\":\"fr-FR\",\"potentialAction\":[{\"@type\":\"ReadAction\",\"target\":[\"https:\/\/cic-vns.fr\/index.php\/chrome-dur\/\"]}]},{\"@type\":\"BreadcrumbList\",\"@id\":\"https:\/\/cic-vns.fr\/index.php\/chrome-dur\/#breadcrumb\",\"itemListElement\":[{\"@type\":\"ListItem\",\"position\":1,\"name\":\"Accueil\",\"item\":\"https:\/\/cic-vns.fr\/\"},{\"@type\":\"ListItem\",\"position\":2,\"name\":\"Chrome Dur\"}]},{\"@type\":\"WebSite\",\"@id\":\"https:\/\/cic-vns.fr\/#website\",\"url\":\"https:\/\/cic-vns.fr\/\",\"name\":\"CIC VNS\",\"description\":\"Nickel Chrome\",\"publisher\":{\"@id\":\"https:\/\/cic-vns.fr\/#organization\"},\"potentialAction\":[{\"@type\":\"SearchAction\",\"target\":{\"@type\":\"EntryPoint\",\"urlTemplate\":\"https:\/\/cic-vns.fr\/?s={search_term_string}\"},\"query-input\":{\"@type\":\"PropertyValueSpecification\",\"valueRequired\":true,\"valueName\":\"search_term_string\"}}],\"inLanguage\":\"fr-FR\"},{\"@type\":\"Organization\",\"@id\":\"https:\/\/cic-vns.fr\/#organization\",\"name\":\"CIC VNS\",\"url\":\"https:\/\/cic-vns.fr\/\",\"logo\":{\"@type\":\"ImageObject\",\"inLanguage\":\"fr-FR\",\"@id\":\"https:\/\/cic-vns.fr\/#\/schema\/logo\/image\/\",\"url\":\"https:\/\/cic-vns.fr\/wp-content\/uploads\/2024\/10\/LOGO-HORIZONTALE-CIC-VNS_QUADRI.png\",\"contentUrl\":\"https:\/\/cic-vns.fr\/wp-content\/uploads\/2024\/10\/LOGO-HORIZONTALE-CIC-VNS_QUADRI.png\",\"width\":1828,\"height\":473,\"caption\":\"CIC VNS\"},\"image\":{\"@id\":\"https:\/\/cic-vns.fr\/#\/schema\/logo\/image\/\"},\"sameAs\":[\"https:\/\/www.linkedin.com\/company\/cic-vns\/\"]}]}<\/script>\n<!-- \/ Yoast SEO plugin. -->","yoast_head_json":{"title":"Chrome Dur \u00e0 Saint-Etienne Loire - CIC VNS","description":"CIC-VNS sp\u00e9cialiste fran\u00e7ais du Chrome Dur, technologie assurant protection, de durabilit\u00e9 et esth\u00e9tique pour l'industrie.","robots":{"index":"index","follow":"follow","max-snippet":"max-snippet:-1","max-image-preview":"max-image-preview:large","max-video-preview":"max-video-preview:-1"},"canonical":"https:\/\/cic-vns.fr\/index.php\/chrome-dur\/","og_locale":"fr_FR","og_type":"article","og_title":"Chrome Dur \u00e0 Saint-Etienne Loire - CIC VNS","og_description":"CIC-VNS sp\u00e9cialiste fran\u00e7ais du Chrome Dur, technologie assurant protection, de durabilit\u00e9 et esth\u00e9tique pour l'industrie.","og_url":"https:\/\/cic-vns.fr\/index.php\/chrome-dur\/","og_site_name":"CIC VNS","article_modified_time":"2025-03-17T14:55:12+00:00","twitter_card":"summary_large_image","schema":{"@context":"https:\/\/schema.org","@graph":[{"@type":"WebPage","@id":"https:\/\/cic-vns.fr\/index.php\/chrome-dur\/","url":"https:\/\/cic-vns.fr\/index.php\/chrome-dur\/","name":"Chrome Dur \u00e0 Saint-Etienne Loire - CIC VNS","isPartOf":{"@id":"https:\/\/cic-vns.fr\/#website"},"datePublished":"2024-01-31T09:49:39+00:00","dateModified":"2025-03-17T14:55:12+00:00","description":"CIC-VNS sp\u00e9cialiste fran\u00e7ais du Chrome Dur, technologie assurant protection, de durabilit\u00e9 et esth\u00e9tique pour l'industrie.","breadcrumb":{"@id":"https:\/\/cic-vns.fr\/index.php\/chrome-dur\/#breadcrumb"},"inLanguage":"fr-FR","potentialAction":[{"@type":"ReadAction","target":["https:\/\/cic-vns.fr\/index.php\/chrome-dur\/"]}]},{"@type":"BreadcrumbList","@id":"https:\/\/cic-vns.fr\/index.php\/chrome-dur\/#breadcrumb","itemListElement":[{"@type":"ListItem","position":1,"name":"Accueil","item":"https:\/\/cic-vns.fr\/"},{"@type":"ListItem","position":2,"name":"Chrome Dur"}]},{"@type":"WebSite","@id":"https:\/\/cic-vns.fr\/#website","url":"https:\/\/cic-vns.fr\/","name":"CIC VNS","description":"Nickel Chrome","publisher":{"@id":"https:\/\/cic-vns.fr\/#organization"},"potentialAction":[{"@type":"SearchAction","target":{"@type":"EntryPoint","urlTemplate":"https:\/\/cic-vns.fr\/?s={search_term_string}"},"query-input":{"@type":"PropertyValueSpecification","valueRequired":true,"valueName":"search_term_string"}}],"inLanguage":"fr-FR"},{"@type":"Organization","@id":"https:\/\/cic-vns.fr\/#organization","name":"CIC VNS","url":"https:\/\/cic-vns.fr\/","logo":{"@type":"ImageObject","inLanguage":"fr-FR","@id":"https:\/\/cic-vns.fr\/#\/schema\/logo\/image\/","url":"https:\/\/cic-vns.fr\/wp-content\/uploads\/2024\/10\/LOGO-HORIZONTALE-CIC-VNS_QUADRI.png","contentUrl":"https:\/\/cic-vns.fr\/wp-content\/uploads\/2024\/10\/LOGO-HORIZONTALE-CIC-VNS_QUADRI.png","width":1828,"height":473,"caption":"CIC VNS"},"image":{"@id":"https:\/\/cic-vns.fr\/#\/schema\/logo\/image\/"},"sameAs":["https:\/\/www.linkedin.com\/company\/cic-vns\/"]}]}},"_links":{"self":[{"href":"https:\/\/cic-vns.fr\/index.php\/wp-json\/wp\/v2\/pages\/174","targetHints":{"allow":["GET"]}}],"collection":[{"href":"https:\/\/cic-vns.fr\/index.php\/wp-json\/wp\/v2\/pages"}],"about":[{"href":"https:\/\/cic-vns.fr\/index.php\/wp-json\/wp\/v2\/types\/page"}],"author":[{"embeddable":true,"href":"https:\/\/cic-vns.fr\/index.php\/wp-json\/wp\/v2\/users\/1"}],"replies":[{"embeddable":true,"href":"https:\/\/cic-vns.fr\/index.php\/wp-json\/wp\/v2\/comments?post=174"}],"version-history":[{"count":43,"href":"https:\/\/cic-vns.fr\/index.php\/wp-json\/wp\/v2\/pages\/174\/revisions"}],"predecessor-version":[{"id":939,"href":"https:\/\/cic-vns.fr\/index.php\/wp-json\/wp\/v2\/pages\/174\/revisions\/939"}],"wp:attachment":[{"href":"https:\/\/cic-vns.fr\/index.php\/wp-json\/wp\/v2\/media?parent=174"}],"curies":[{"name":"wp","href":"https:\/\/api.w.org\/{rel}","templated":true}]}}